{"id":1358,"date":"2023-11-03T10:55:28","date_gmt":"2023-11-03T10:55:28","guid":{"rendered":"http:\/\/www.nordbovent.dk\/?page_id=1358"},"modified":"2023-11-10T08:29:36","modified_gmt":"2023-11-10T08:29:36","slug":"nordbovent-staldventilation","status":"publish","type":"page","link":"https:\/\/www.nordbovent.dk\/","title":{"rendered":"NordboVent Staldventilation"},"content":{"rendered":"<div class=\"fusion-fullwidth fullwidth-box fusion-builder-row-1 fusion-flex-container has-pattern-background has-mask-background hundred-percent-fullwidth non-hundred-percent-height-scrolling\" style=\"--awb-border-radius-top-left:0px;--awb-border-radius-top-right:0px;--awb-border-radius-bottom-right:0px;--awb-border-radius-bottom-left:0px;--awb-padding-right-medium:15px;--awb-padding-left-medium:15px;--awb-padding-right-small:0px;--awb-padding-left-small:0px;--awb-margin-top:50px;--awb-margin-bottom:50px;--awb-margin-bottom-medium:70px;--awb-margin-bottom-small:70px;--awb-flex-wrap:wrap;\" ><div class=\"fusion-builder-row fusion-row fusion-flex-align-items-stretch fusion-flex-content-wrap\" style=\"width:calc( 100% + 0px ) !important;max-width:calc( 100% + 0px ) !important;margin-left: calc(-0px \/ 2 );margin-right: calc(-0px \/ 2 );\"><div class=\"fusion-layout-column fusion_builder_column fusion-builder-column-0 fusion-flex-column\" style=\"--awb-padding-top:1.5vw;--awb-padding-right:1.5vw;--awb-padding-bottom:1.5vw;--awb-padding-left:1.5vw;--awb-padding-top-small:25px;--awb-padding-right-small:20px;--awb-padding-bottom-small:20px;--awb-padding-left-small:20px;--awb-overflow:hidden;--awb-bg-color:var(--awb-color1);--awb-bg-color-hover:var(--awb-color1);--awb-bg-position:center center;--awb-bg-size:cover;--awb-border-radius:8px 0px 0px 8px;--awb-width-large:50%;--awb-margin-top-large:0px;--awb-spacing-right-large:0px;--awb-margin-bottom-large:0px;--awb-spacing-left-large:0px;--awb-width-medium:50%;--awb-order-medium:0;--awb-spacing-right-medium:0px;--awb-spacing-left-medium:0px;--awb-width-small:100%;--awb-order-small:1;--awb-spacing-right-small:0px;--awb-spacing-left-small:0px;\" data-scroll-devices=\"small-visibility,medium-visibility,large-visibility\"><div class=\"fusion-column-wrapper lazyload fusion-column-has-shadow fusion-flex-justify-content-flex-end fusion-content-layout-column fusion-empty-column-bg-image fusion-column-has-bg-image\" data-bg-url=\"http:\/\/www.nordbovent.dk\/wp-content\/uploads\/2023\/11\/Skorsten_1-scaled.jpg\" data-bg=\"http:\/\/www.nordbovent.dk\/wp-content\/uploads\/2023\/11\/Skorsten_1-scaled.jpg\"><img decoding=\"async\" class=\"fusion-empty-dims-img-placeholder fusion-no-large-visibility fusion-no-medium-visibility\" src=\"data:image\/gif;base64,R0lGODlhAQABAAAAACH5BAEKAAEALAAAAAABAAEAAAICTAEAOw==\"><\/div><\/div><div class=\"fusion-layout-column fusion_builder_column fusion-builder-column-1 fusion-flex-column\" style=\"--awb-padding-top:50px;--awb-padding-right:90px;--awb-padding-bottom:50px;--awb-padding-left:50px;--awb-padding-top-small:12vw;--awb-padding-right-small:8vw;--awb-padding-bottom-small:12vw;--awb-padding-left-small:8vw;--awb-overflow:hidden;--awb-bg-color:hsla(var(--awb-color5-h),var(--awb-color5-s),calc(var(--awb-color5-l) - 9%),var(--awb-color5-a));--awb-bg-color-hover:hsla(var(--awb-color5-h),var(--awb-color5-s),calc(var(--awb-color5-l) - 9%),var(--awb-color5-a));--awb-bg-size:cover;--awb-border-radius:0px 8px 8px 0px;--awb-width-large:50%;--awb-margin-top-large:0px;--awb-spacing-right-large:0px;--awb-margin-bottom-large:0px;--awb-spacing-left-large:0px;--awb-width-medium:45%;--awb-order-medium:0;--awb-spacing-right-medium:0px;--awb-spacing-left-medium:0px;--awb-width-small:100%;--awb-order-small:0;--awb-spacing-right-small:0px;--awb-margin-bottom-small:-5px;--awb-spacing-left-small:0px;\" data-scroll-devices=\"small-visibility,medium-visibility,large-visibility\"><div class=\"fusion-column-wrapper fusion-column-has-shadow fusion-flex-justify-content-flex-start fusion-content-layout-column\"><div class=\"fusion-title title fusion-title-1 fusion-no-small-visibility fusion-no-medium-visibility fusion-sep-none fusion-title-text fusion-title-size-one\" style=\"--awb-text-color:var(--awb-color1);--awb-margin-bottom:50px;--awb-margin-top-small:10px;--awb-margin-right-small:0px;--awb-margin-bottom-small:10px;--awb-margin-left-small:0px;--awb-font-size:46px;\"><h1 class=\"fusion-title-heading title-heading-left\" style=\"margin:0;font-size:1em;line-height:1.3em;\"><p>Velkommen til<br \/>\nNordboVent<br \/>\nStaldventilation<\/p><\/h1><\/div><div class=\"fusion-text fusion-text-1\" style=\"--awb-text-color:#ffffff;\"><p>NordboVent Staldventilation er et veletableret og -renomeret firma, som udelukkende besk\u00e6ftiger sig med staldventilation. Derfor kan vi ogs\u00e5 garantere arbejde i h\u00f8j kvalitet med stort fagligt kundskab.<\/p>\n<p>NordboVent Staldventilation kan l\u00f8se f\u00f8lgende opgaver:<\/p>\n<ul>\n<li>Undertryk friskluftventiler<\/li>\n<li>Diffust undertryk<\/li>\n<li>Diffust undertryk combi friskluftventiler<\/li>\n<li>Ligetryk<\/li>\n<li>Naturlig ventilation &#8211; skorstene efter m\u00e5l<\/li>\n<li>Stormskader &#8211; skorstene efter m\u00e5l<\/li>\n<li>Trykstabile ventilatorer<\/li>\n<li>Brise ventilatorer specielt til l\u00f8sdriftsstalde med naturlig ventilation<\/li>\n<\/ul>\n<p>Alle anl\u00e6g kan leveres med differentieret styring og frekvensmotor, som PM\/EC motor.<\/p>\n<p>Udsugningsenheder: Designrigtigt ydre &#8211; lavt energiforbrug.<\/p>\n<\/div><\/div><\/div><\/div><\/div>\n","protected":false},"excerpt":{"rendered":"","protected":false},"author":1,"featured_media":0,"parent":0,"menu_order":17,"comment_status":"closed","ping_status":"closed","template":"100-width.php","meta":{"footnotes":""},"class_list":["post-1358","page","type-page","status-publish","hentry"],"_links":{"self":[{"href":"https:\/\/www.nordbovent.dk\/index.php\/wp-json\/wp\/v2\/pages\/1358","targetHints":{"allow":["GET"]}}],"collection":[{"href":"https:\/\/www.nordbovent.dk\/index.php\/wp-json\/wp\/v2\/pages"}],"about":[{"href":"https:\/\/www.nordbovent.dk\/index.php\/wp-json\/wp\/v2\/types\/page"}],"author":[{"embeddable":true,"href":"https:\/\/www.nordbovent.dk\/index.php\/wp-json\/wp\/v2\/users\/1"}],"replies":[{"embeddable":true,"href":"https:\/\/www.nordbovent.dk\/index.php\/wp-json\/wp\/v2\/comments?post=1358"}],"version-history":[{"count":15,"href":"https:\/\/www.nordbovent.dk\/index.php\/wp-json\/wp\/v2\/pages\/1358\/revisions"}],"predecessor-version":[{"id":1547,"href":"https:\/\/www.nordbovent.dk\/index.php\/wp-json\/wp\/v2\/pages\/1358\/revisions\/1547"}],"wp:attachment":[{"href":"https:\/\/www.nordbovent.dk\/index.php\/wp-json\/wp\/v2\/media?parent=1358"}],"curies":[{"name":"wp","href":"https:\/\/api.w.org\/{rel}","templated":true}]}}